{"id":37,"date":"2021-11-16T19:26:52","date_gmt":"2021-11-16T18:26:52","guid":{"rendered":"https:\/\/osteoparis-bissuel.com\/?page_id=37"},"modified":"2021-11-18T17:19:38","modified_gmt":"2021-11-18T16:19:38","slug":"consultations","status":"publish","type":"page","link":"https:\/\/osteoparis-bissuel.com\/index.php\/consultations\/","title":{"rendered":"Consultations"},"content":{"rendered":"\n<div class=\"wp-block-image is-style-rounded\"><figure class=\"aligncenter size-full\"><img loading=\"lazy\" decoding=\"async\" width=\"300\" height=\"200\" src=\"https:\/\/osteoparis-bissuel.com\/wp-content\/uploads\/2021\/11\/image-2.png\" alt=\"\" class=\"wp-image-71\"\/><\/figure><\/div>\n\n\n\n<h1 class=\"wp-block-heading\">Comment se d\u00e9roule une consultation ?<\/h1>\n\n\n\n<p>La dur\u00e9e de la s\u00e9ance varie entre 45 minutes et 1 heure.<\/p>\n\n\n\n<p>Le temps d\u2019\u00e9coute du patient est une priorit\u00e9, la premi\u00e8re partie de la consultation est donc d\u00e9di\u00e9e \u00e0 l\u2019expression de votre besoin&nbsp;: je cherche \u00e0 comprendre votre motif de consultation, \u00e0 conna\u00eetre vos ant\u00e9c\u00e9dents ainsi que la mani\u00e8re dont votre corps fonctionne.<\/p>\n\n\n\n<p>Je r\u00e9alise ensuite des tests orthop\u00e9diques&nbsp;: ils me permettent de v\u00e9rifier que votre probl\u00e8me est bien de mon ressort et qu\u2019il ne requiert pas une prise en charge m\u00e9dicale. J\u2019essaye aussi de remettre votre douleur en \u00e9vidence pour bien la caract\u00e9riser.<\/p>\n\n\n\n<p>La partie ost\u00e9opathique arrive ensuite avec des tests : vos articulations bougent-elles bien&nbsp;? Vos muscles sont-ils souples ou l\u00e9g\u00e8rement tendus&nbsp;?<\/p>\n\n\n\n<p>Puis, je proc\u00e8de au traitement des zones de dysfonctionnement identifi\u00e9es. Pour cela, je mobilise les techniques les plus adapt\u00e9es \u00e0 vos besoins et vos douleurs.<\/p>\n\n\n\n<p>Enfin, je peux vous proposer des conseils en fin de s\u00e9ance pour optimise votre traitement&nbsp;: postures recommand\u00e9es, recours \u00e0 des compl\u00e9ments alimentaires\u2026<\/p>\n\n\n\n<div class=\"wp-block-image is-style-rounded\"><figure class=\"aligncenter size-full\"><img loading=\"lazy\" decoding=\"async\" width=\"300\" height=\"200\" src=\"https:\/\/osteoparis-bissuel.com\/wp-content\/uploads\/2021\/11\/image-3.png\" alt=\"\" class=\"wp-image-72\"\/><\/figure><\/div>\n\n\n\n<h2 class=\"wp-block-heading\">Faut-il plusieurs s\u00e9ances ?<\/h2>\n\n\n\n<p>Plusieurs s\u00e9ances sont parfois n\u00e9cessaires pour parfaire un traitement. Souvent un intervalle de 15 jours entre deux s\u00e9ances est conseill\u00e9, mais cela varie d\u2019un patient \u00e0 l\u2019autre et de l\u2019ampleur du traitement \u00e0 prodiguer.<\/p>\n\n\n\n<h2 class=\"wp-block-heading\">Est-ce dangereux ?<\/h2>\n\n\n\n<p>Non, l\u2019ost\u00e9opathe a suffisamment de connaissances m\u00e9dicales pour savoir si votre douleur&nbsp;est de son ressort. Si ce n\u2019est pas le cas, il saura vous r\u00e9orienter vers le bon professionnel de sant\u00e9.<\/p>\n\n\n\n<h2 class=\"wp-block-heading\">Est-ce douloureux ?<\/h2>\n\n\n\n<p>Les techniques sont douces, mais un travail sur la zone douloureuse peut parfois \u00eatre inconfortable pour le patient.<\/p>\n\n\n\n<h2 class=\"wp-block-heading\">Est ce que l\u2019ost\u00e9opathie est rembours\u00e9e par la S\u00e9curit\u00e9 sociale ?<\/h2>\n\n\n\n<p>L\u2019ost\u00e9opathie n\u2019est pas rembours\u00e9e par la S\u00e9curit\u00e9 sociale mais par de nombreuses mutuelles. Renseignez-vous aupr\u00e8s de la v\u00f4tre pour connaitre la hauteur de vos remboursements.<\/p>\n\n\n\n<h2 class=\"wp-block-heading\">Si vous avez des craintes ou des interrogations, n\u2019h\u00e9sitez pas \u00e0 en parler \u00e0 votre ost\u00e9opathe pendant votre s\u00e9ance.<\/h2>\n","protected":false},"excerpt":{"rendered":"<p>Comment se d\u00e9roule une consultation ? La dur\u00e9e de la s\u00e9ance varie entre 45 minutes et 1 heure. Le temps d\u2019\u00e9coute du patient est une priorit\u00e9, la premi\u00e8re partie de [&hellip;]<\/p>\n","protected":false},"author":2,"featured_media":0,"parent":0,"menu_order":0,"comment_status":"closed","ping_status":"closed","template":"","meta":{"footnotes":""},"class_list":["post-37","page","type-page","status-publish","hentry"],"_links":{"self":[{"href":"https:\/\/osteoparis-bissuel.com\/index.php\/wp-json\/wp\/v2\/pages\/37","targetHints":{"allow":["GET"]}}],"collection":[{"href":"https:\/\/osteoparis-bissuel.com\/index.php\/wp-json\/wp\/v2\/pages"}],"about":[{"href":"https:\/\/osteoparis-bissuel.com\/index.php\/wp-json\/wp\/v2\/types\/page"}],"author":[{"embeddable":true,"href":"https:\/\/osteoparis-bissuel.com\/index.php\/wp-json\/wp\/v2\/users\/2"}],"replies":[{"embeddable":true,"href":"https:\/\/osteoparis-bissuel.com\/index.php\/wp-json\/wp\/v2\/comments?post=37"}],"version-history":[{"count":3,"href":"https:\/\/osteoparis-bissuel.com\/index.php\/wp-json\/wp\/v2\/pages\/37\/revisions"}],"predecessor-version":[{"id":77,"href":"https:\/\/osteoparis-bissuel.com\/index.php\/wp-json\/wp\/v2\/pages\/37\/revisions\/77"}],"wp:attachment":[{"href":"https:\/\/osteoparis-bissuel.com\/index.php\/wp-json\/wp\/v2\/media?parent=37"}],"curies":[{"name":"wp","href":"https:\/\/api.w.org\/{rel}","templated":true}]}}