{"id":25,"date":"2021-11-16T19:23:30","date_gmt":"2021-11-16T18:23:30","guid":{"rendered":"https:\/\/osteoparis-bissuel.com\/?page_id=25"},"modified":"2025-05-08T10:49:48","modified_gmt":"2025-05-08T08:49:48","slug":"infos-pratiques","status":"publish","type":"page","link":"https:\/\/osteoparis-bissuel.com\/index.php\/infos-pratiques\/","title":{"rendered":"Infos pratiques"},"content":{"rendered":"\n<h1 class=\"wp-block-heading\">Infos pratiques<\/h1>\n\n\n\n<h2 class=\"wp-block-heading\">Adresse<\/h2>\n\n\n\n<p>Centre de soins <\/p>\n\n\n\n<p>6 rue du G\u00e9n\u00e9ral de Larminat, 75015 PARIS<\/p>\n\n\n\n<h2 class=\"wp-block-heading\">T\u00e9l\u00e9phone<\/h2>\n\n\n\n<p>Ligne directe : 06.65.11.82.56<\/p>\n\n\n\n<h2 class=\"wp-block-heading\">Contact<\/h2>\n\n\n\n<p>camille@osteoparis-bissuel.com<\/p>\n\n\n\n<h2 class=\"wp-block-heading\">Acc\u00e8s<\/h2>\n\n\n\n<p>M\u00e9tro lignes 6, 8, 10 : Motte Piquet Grenelle<\/p>\n\n\n\n<h2 class=\"wp-block-heading\">Tarif<\/h2>\n\n\n\n<p>Consultation \u00e0 75\u20ac<\/p>\n\n\n\n<h2 class=\"wp-block-heading\">Rendez-vous<\/h2>\n\n\n\n<p>Par t\u00e9l\u00e9phone ou en ligne via&nbsp;<a href=\"https:\/\/www.doctolib.fr\/osteopathe\/paris\/camille-bissuel\">doctolib.fr<\/a><\/p>\n\n\n\n<p><a href=\"https:\/\/www.doctolib.fr\/osteopathe\/paris\/camille-bissuel\" target=\"_blank\" rel=\"noreferrer noopener\">PRENDRE RENDEZ-VOUS EN LIGNE<\/a><\/p>\n\n\n\n<h2 class=\"wp-block-heading\">Plan<\/h2>\n\n\n\n<p><a href=\"https:\/\/www.google.com\/maps\/embed?pb=!1m18!1m12!1m3!1d1124.4741596235094!2d2.2946679137486345!3d48.848965330051904!2m3!1f0!2f0!3f0!3m2!1i1024!2i768!4f13.1!3m3!1m2!1s0x47e67019b0305a35%3A0x966135364bf5aebd!2s14+Rue+Tiphaine%2C+75015+Paris!5e0!3m2!1sfr!2sfr!4v1450734720346FacebookTwitterLinkedInPrintEmailPartager\">https:\/\/www.google.com\/maps\/embed?pb=!1m18!1m12!1m3!1d1124.4741596235094!2d2.2946679137486345!3d48.848965330051904!2m3!1f0!2f0!3f0!3m2!1i1024!2i768!4f13.1!3m3!1m2!1s0x47e67019b0305a35%3A0x966135364bf5aebd!2s14+Rue+Tiphaine%2C+75015+Paris!5e0!3m2!1sfr!2sfr!4v1450734720346FacebookTwitterLinkedInPrintEmailPartager<\/a><\/p>\n","protected":false},"excerpt":{"rendered":"<p>Infos pratiques Adresse Centre de soins 6 rue du G\u00e9n\u00e9ral de Larminat, 75015 PARIS T\u00e9l\u00e9phone Ligne directe : 06.65.11.82.56 Contact camille@osteoparis-bissuel.com Acc\u00e8s M\u00e9tro lignes 6, 8, 10 : Motte Piquet [&hellip;]<\/p>\n","protected":false},"author":2,"featured_media":0,"parent":0,"menu_order":0,"comment_status":"closed","ping_status":"closed","template":"","meta":{"footnotes":""},"class_list":["post-25","page","type-page","status-publish","hentry"],"_links":{"self":[{"href":"https:\/\/osteoparis-bissuel.com\/index.php\/wp-json\/wp\/v2\/pages\/25","targetHints":{"allow":["GET"]}}],"collection":[{"href":"https:\/\/osteoparis-bissuel.com\/index.php\/wp-json\/wp\/v2\/pages"}],"about":[{"href":"https:\/\/osteoparis-bissuel.com\/index.php\/wp-json\/wp\/v2\/types\/page"}],"author":[{"embeddable":true,"href":"https:\/\/osteoparis-bissuel.com\/index.php\/wp-json\/wp\/v2\/users\/2"}],"replies":[{"embeddable":true,"href":"https:\/\/osteoparis-bissuel.com\/index.php\/wp-json\/wp\/v2\/comments?post=25"}],"version-history":[{"count":6,"href":"https:\/\/osteoparis-bissuel.com\/index.php\/wp-json\/wp\/v2\/pages\/25\/revisions"}],"predecessor-version":[{"id":132,"href":"https:\/\/osteoparis-bissuel.com\/index.php\/wp-json\/wp\/v2\/pages\/25\/revisions\/132"}],"wp:attachment":[{"href":"https:\/\/osteoparis-bissuel.com\/index.php\/wp-json\/wp\/v2\/media?parent=25"}],"curies":[{"name":"wp","href":"https:\/\/api.w.org\/{rel}","templated":true}]}}