{"id":2,"date":"2021-11-16T17:48:17","date_gmt":"2021-11-16T16:48:17","guid":{"rendered":"http:\/\/osteoparis-bissuel.com\/?page_id=2"},"modified":"2024-04-16T12:56:10","modified_gmt":"2024-04-16T10:56:10","slug":"page-d-exemple","status":"publish","type":"page","link":"https:\/\/osteoparis-bissuel.com\/","title":{"rendered":"Bienvenue!"},"content":{"rendered":"\n<div class=\"wp-block-image is-style-rounded\"><figure class=\"alignright size-large is-resized\"><img loading=\"lazy\" decoding=\"async\" src=\"https:\/\/osteoparis-bissuel.com\/wp-content\/uploads\/2021\/11\/IMG_2487-1024x683.jpg\" alt=\"\" class=\"wp-image-80\" width=\"235\" height=\"157\" srcset=\"https:\/\/osteoparis-bissuel.com\/wp-content\/uploads\/2021\/11\/IMG_2487-1024x683.jpg 1024w, https:\/\/osteoparis-bissuel.com\/wp-content\/uploads\/2021\/11\/IMG_2487-300x200.jpg 300w, https:\/\/osteoparis-bissuel.com\/wp-content\/uploads\/2021\/11\/IMG_2487-768x512.jpg 768w, https:\/\/osteoparis-bissuel.com\/wp-content\/uploads\/2021\/11\/IMG_2487-1536x1024.jpg 1536w, https:\/\/osteoparis-bissuel.com\/wp-content\/uploads\/2021\/11\/IMG_2487-2048x1365.jpg 2048w\" sizes=\"auto, (max-width: 235px) 100vw, 235px\" \/><\/figure><\/div>\n\n\n\n<p>Chers patientes et patients,<\/p>\n\n\n\n<p>Je suis Camille Bissuel, ost\u00e9opathe D.O., au sein d&rsquo;un cabinet de soins\u00a0dans le <strong>15\u00e8me arrondissement de Paris.<\/strong><\/p>\n\n\n\n<p>J\u2019ai cr\u00e9\u00e9 ce site internet afin de mieux vous expliquer mon m\u00e9tier et les raisons pour lesquelles il est int\u00e9ressant d\u2019aller voir un ost\u00e9opathe.<\/p>\n\n\n\n<p>Vous trouverez aussi toutes les informations pour vous rendre au cabinet.<\/p>\n\n\n\n<p>N\u2019h\u00e9sitez pas \u00e0 me contacter si vous en avez besoin.<\/p>\n\n\n\n<p>A tr\u00e8s bient\u00f4t,<\/p>\n\n\n\n<p>Camille Bissuel<\/p>\n","protected":false},"excerpt":{"rendered":"<p>Chers patientes et patients, Je suis Camille Bissuel, ost\u00e9opathe D.O., au sein d&rsquo;un cabinet de soins\u00a0dans le 15\u00e8me arrondissement de Paris. J\u2019ai cr\u00e9\u00e9 ce site internet afin de mieux vous [&hellip;]<\/p>\n","protected":false},"author":1,"featured_media":0,"parent":0,"menu_order":1,"comment_status":"closed","ping_status":"closed","template":"","meta":{"footnotes":""},"class_list":["post-2","page","type-page","status-publish","hentry"],"_links":{"self":[{"href":"https:\/\/osteoparis-bissuel.com\/index.php\/wp-json\/wp\/v2\/pages\/2","targetHints":{"allow":["GET"]}}],"collection":[{"href":"https:\/\/osteoparis-bissuel.com\/index.php\/wp-json\/wp\/v2\/pages"}],"about":[{"href":"https:\/\/osteoparis-bissuel.com\/index.php\/wp-json\/wp\/v2\/types\/page"}],"author":[{"embeddable":true,"href":"https:\/\/osteoparis-bissuel.com\/index.php\/wp-json\/wp\/v2\/users\/1"}],"replies":[{"embeddable":true,"href":"https:\/\/osteoparis-bissuel.com\/index.php\/wp-json\/wp\/v2\/comments?post=2"}],"version-history":[{"count":8,"href":"https:\/\/osteoparis-bissuel.com\/index.php\/wp-json\/wp\/v2\/pages\/2\/revisions"}],"predecessor-version":[{"id":128,"href":"https:\/\/osteoparis-bissuel.com\/index.php\/wp-json\/wp\/v2\/pages\/2\/revisions\/128"}],"wp:attachment":[{"href":"https:\/\/osteoparis-bissuel.com\/index.php\/wp-json\/wp\/v2\/media?parent=2"}],"curies":[{"name":"wp","href":"https:\/\/api.w.org\/{rel}","templated":true}]}}