{"id":19,"date":"2021-11-16T19:21:30","date_gmt":"2021-11-16T18:21:30","guid":{"rendered":"https:\/\/osteoparis-bissuel.com\/?page_id=19"},"modified":"2024-04-16T12:53:14","modified_gmt":"2024-04-16T10:53:14","slug":"un-adulte","status":"publish","type":"page","link":"https:\/\/osteoparis-bissuel.com\/index.php\/un-adulte\/","title":{"rendered":"Un adulte"},"content":{"rendered":"\n<p>Un bilan tous les 6 mois \u00e0 1 an est recommand\u00e9 \u00e0 titre de pr\u00e9vention pour un adulte.<\/p>\n\n\n\n<p>Il existe par ailleurs, de nombreuses raisons de consulter un ost\u00e9opathe. Certains motifs de consultation sont tr\u00e8s fr\u00e9quents mais d\u2019autres plus rares donnent \u00e9galement de bons r\u00e9sultats. N\u2019h\u00e9sitez pas \u00e0 consulter cette liste r\u00e9capitulative:<\/p>\n\n\n\n<ul class=\"wp-block-list\"><li><strong>Douleurs musculo-squelettiques<\/strong>\u00a0:<ul><li>Maux de dos\u00a0: dorsalgie, lombalgie, cervicalgie.<\/li><li>Torticolis\u00a0: votre rotation de t\u00eate est limit\u00e9e et douloureuse.<\/li><li>Sciatique\u00a0: il s\u2019agit d\u2019un douleur au nouveau du dos avec un trajet dans la fesse pouvant aller jusqu\u2019au pied.<\/li><li>Douleurs de c\u00f4tes\u00a0: elles peuvent \u00eatre en un point pr\u00e9cis, avec une respiration douloureuse.<\/li><li>Tendinopathies\u00a0: ce sont des douleurs musculaires survenant apr\u00e8s un effort et pouvant devenir de plus en plus handicapantes au mouvement.<\/li><li>Syndrome du canal carpien\u00a0: il s\u2019exprime par les fourmillement dans les mains.<\/li><li>Entorses\u00a0: apr\u00e8s distension ou rupture ligamentaire il est important de redonner du mouvement \u00e0 l\u2019ensemble du pied pour une gu\u00e9rison plus rapide.<\/li><li>Douleurs articulaires\u00a0au niveau des \u00e9paules, coudes, poignets, hanches, genoux, pieds\u00a0: caus\u00e9es par une chute ou plus chronique, ces douleurs du quotidien sont souvent le fruit de blocages articulatoires faciles \u00e0 lib\u00e9rer.<\/li><li>Douleurs musculaires\u00a0: ce sont des tensions musculaires qu\u2019il faut rel\u00e2cher.<\/li><\/ul><\/li><li><strong>Troubles visc\u00e9raux<\/strong>\u00a0:<ul><li>Douleurs abdominales\u00a0: ballonnements ou tensions<\/li><li>Reflux gastro-oesophagiens\u00a0: commun\u00e9ment appel\u00e9s les br\u00fblures d\u2019estomac, pouvant entrainer des remont\u00e9es acides.<\/li><li>Troubles de la digestion\u00a0: constipations ou diarrh\u00e9es peuvent \u00eatre le fruit d\u2019un mauvais fonctionnement des organes.<\/li><\/ul><\/li><li><strong>Troubles circulatoires<\/strong>\u00a0:<ul><li>Jambes lourdes ou gonfl\u00e9es<\/li><\/ul><\/li><li><strong>Stress<\/strong>\u00a0:<ul><li>Fatigue<\/li><li>Troubles du sommeil\u00a0: difficult\u00e9 d\u2019endormissement ou r\u00e9veil nocturne.<\/li><\/ul><\/li><li><strong>Troubles ORL<\/strong>\u00a0:<ul><li>C\u00e9phal\u00e9es, maux de t\u00eate\u00a0: peuvent avoir plusieurs causes qu\u2019il est int\u00e9ressant d\u2019investiguer en ost\u00e9opathie.<\/li><li>Vertiges\u00a0: ce peut \u00eatre la sensation d\u2019\u00eatre instable ou de voir une pi\u00e8ce tourner autour de nous.<\/li><li>Sinusites, angines chroniques<\/li><li>Douleur \u00e0 la m\u00e2choire: bruxisme, m\u00e2choire bloqu\u00e9e<\/li><\/ul><\/li><li><strong>Troubles urinaires<\/strong>\u00a0:<ul><li>Infections urinaires \u00e0 r\u00e9p\u00e9tition<\/li><li>Douleurs \u00e0 la miction<\/li><\/ul><\/li><li><strong>Troubles de la sph\u00e8re pelvienne<\/strong>\u00a0:<ul><li>R\u00e8gles douloureuses<\/li><li>Hypofertilit\u00e9 sans cause m\u00e9dicale<\/li><li>Douleurs au rapport sexuel<\/li><li><a href=\"https:\/\/osteoparis-bissuel.com\/enceinte\/\">Grossesse<\/a><\/li><\/ul><\/li><li><strong>Cicatrices ou peau douloureuse :<\/strong>\u00a0apr\u00e8s une chirurgie ou un traitement par radioth\u00e9rapie.<\/li><\/ul>\n\n\n\n<p>Si vous avez des examens compl\u00e9mentaires (radiographies, scanners, IRM\u2026) n\u2019h\u00e9sitez pas \u00e0 les apporter lors de la consultation.<\/p>\n","protected":false},"excerpt":{"rendered":"<p>Un bilan tous les 6 mois \u00e0 1 an est recommand\u00e9 \u00e0 titre de pr\u00e9vention pour un adulte. Il existe par ailleurs, de nombreuses raisons de consulter un ost\u00e9opathe. Certains [&hellip;]<\/p>\n","protected":false},"author":2,"featured_media":0,"parent":0,"menu_order":1,"comment_status":"closed","ping_status":"closed","template":"","meta":{"footnotes":""},"class_list":["post-19","page","type-page","status-publish","hentry"],"_links":{"self":[{"href":"https:\/\/osteoparis-bissuel.com\/index.php\/wp-json\/wp\/v2\/pages\/19","targetHints":{"allow":["GET"]}}],"collection":[{"href":"https:\/\/osteoparis-bissuel.com\/index.php\/wp-json\/wp\/v2\/pages"}],"about":[{"href":"https:\/\/osteoparis-bissuel.com\/index.php\/wp-json\/wp\/v2\/types\/page"}],"author":[{"embeddable":true,"href":"https:\/\/osteoparis-bissuel.com\/index.php\/wp-json\/wp\/v2\/users\/2"}],"replies":[{"embeddable":true,"href":"https:\/\/osteoparis-bissuel.com\/index.php\/wp-json\/wp\/v2\/comments?post=19"}],"version-history":[{"count":3,"href":"https:\/\/osteoparis-bissuel.com\/index.php\/wp-json\/wp\/v2\/pages\/19\/revisions"}],"predecessor-version":[{"id":126,"href":"https:\/\/osteoparis-bissuel.com\/index.php\/wp-json\/wp\/v2\/pages\/19\/revisions\/126"}],"wp:attachment":[{"href":"https:\/\/osteoparis-bissuel.com\/index.php\/wp-json\/wp\/v2\/media?parent=19"}],"curies":[{"name":"wp","href":"https:\/\/api.w.org\/{rel}","templated":true}]}}