{"id":17,"date":"2021-11-16T19:20:53","date_gmt":"2021-11-16T18:20:53","guid":{"rendered":"https:\/\/osteoparis-bissuel.com\/?page_id=17"},"modified":"2021-11-18T17:39:18","modified_gmt":"2021-11-18T16:39:18","slug":"un-enfant","status":"publish","type":"page","link":"https:\/\/osteoparis-bissuel.com\/index.php\/un-enfant\/","title":{"rendered":"Un enfant"},"content":{"rendered":"\n<p>L\u2019ost\u00e9opathie est une r\u00e9ponse aux troubles auxquels peut \u00eatre confront\u00e9 votre enfant tout au long de son d\u00e9veloppement.<\/p>\n\n\n\n<p>Son premier anniversaire est l\u2019occasion d\u2019une \u00e9valuation de son bon&nbsp;<strong>d\u00e9veloppement psychomoteur<\/strong>.<\/p>\n\n\n\n<p>Par la suite, un bilan par an est recommand\u00e9 au cours de son enfance et de son adolescence.<\/p>\n\n\n\n<p>L\u2019ost\u00e9opathe vous orientera vers un professionnel de sante s\u2019il identifie un trouble qui n\u2019est pas de son ressort ou s\u2019il ne peut traiter efficacement &nbsp;le motif de votre visite.<\/p>\n\n\n\n<p>Lorsqu\u2019il part \u00e0 la d\u00e9couverte du monde votre enfant fait de nombreuses chutes \u00e0 l\u2019occasion de ses premiers pas. La plupart sont sans cons\u00e9quence mais certaines sont plus violentes que d\u2019autres et peuvent provoquer des traumatismes \u00ab&nbsp;m\u00e9caniques&nbsp;\u00bb.<\/p>\n\n\n\n<p>En l\u2019absence de traitement, ces traumatismes peuvent entrainer des douleurs&nbsp;au niveau dorsal, lombaire, du bassin (chute sur les fesses) ou des articulations p\u00e9riph\u00e9riques (bras, jambes).<\/p>\n\n\n\n<p>Le plus t\u00f4t ils seront trait\u00e9s, moins ils auront d\u2019impact sur l\u2019<strong>\u00e9quilibre postural<\/strong>&nbsp;de votre enfant.<\/p>\n\n\n\n<p>L\u2019enfance est une p\u00e9riode de croissance. M\u00eame en l\u2019absence de traumatisme externe, les modifications morphologiques importantes que subit son corps peuvent entrainer des&nbsp;<a href=\"https:\/\/osteoparis-bissuel.com\/un-adulte\/\">douleurs musculo-squelettiques<\/a>.<\/p>\n\n\n\n<p>Un bilan sur la statique, c\u2019est \u00e0 dire l\u2019\u00e9quilibre g\u00e9n\u00e9ral du corps au repos, est \u00e9galement \u00e0 pr\u00e9voir pour pr\u00e9venir et identifier toute d\u00e9formation de la colonne vert\u00e9brale telle que la&nbsp;<strong>scoliose<\/strong>.<\/p>\n\n\n\n<p>L\u2019entr\u00e9e de votre enfant dans la vie collective (garderie, \u00e9cole, coll\u00e8ge\u2026) est source d\u2019angoisse et de stress. Ils peuvent g\u00e9n\u00e9rer des maux de ventre ou des troubles du sommeil que l\u2019ost\u00e9opathie est susceptible d\u2019apaiser.<\/p>\n\n\n\n<p>La pratique intensive d\u2019un sport est souvent la source chez les adolescents ou les jeunes adultes de douleurs provoqu\u00e9es par une sur-sollicitation des muscles ou des articulations.<\/p>\n\n\n\n<p>L\u2019adolescent peut aussi \u00eatre confront\u00e9 aux m\u00eames troubles qu\u2019un&nbsp;<a href=\"https:\/\/osteoparis-bissuel.com\/un-adulte\/\">adulte<\/a>.<\/p>\n\n\n\n<p>Information importante&nbsp;: un adulte doit \u00eatre pr\u00e9sent lors de la consultation d\u2019un enfant de moins de 18 ans.<\/p>\n\n\n\n<p>L\u2019ost\u00e9opathe ne remplace pas le p\u00e9diatre ou le m\u00e9decin g\u00e9n\u00e9raliste.<\/p>\n","protected":false},"excerpt":{"rendered":"<p>L\u2019ost\u00e9opathie est une r\u00e9ponse aux troubles auxquels peut \u00eatre confront\u00e9 votre enfant tout au long de son d\u00e9veloppement. Son premier anniversaire est l\u2019occasion d\u2019une \u00e9valuation de son bon&nbsp;d\u00e9veloppement psychomoteur. Par [&hellip;]<\/p>\n","protected":false},"author":2,"featured_media":0,"parent":0,"menu_order":2,"comment_status":"closed","ping_status":"closed","template":"","meta":{"footnotes":""},"class_list":["post-17","page","type-page","status-publish","hentry"],"_links":{"self":[{"href":"https:\/\/osteoparis-bissuel.com\/index.php\/wp-json\/wp\/v2\/pages\/17","targetHints":{"allow":["GET"]}}],"collection":[{"href":"https:\/\/osteoparis-bissuel.com\/index.php\/wp-json\/wp\/v2\/pages"}],"about":[{"href":"https:\/\/osteoparis-bissuel.com\/index.php\/wp-json\/wp\/v2\/types\/page"}],"author":[{"embeddable":true,"href":"https:\/\/osteoparis-bissuel.com\/index.php\/wp-json\/wp\/v2\/users\/2"}],"replies":[{"embeddable":true,"href":"https:\/\/osteoparis-bissuel.com\/index.php\/wp-json\/wp\/v2\/comments?post=17"}],"version-history":[{"count":1,"href":"https:\/\/osteoparis-bissuel.com\/index.php\/wp-json\/wp\/v2\/pages\/17\/revisions"}],"predecessor-version":[{"id":18,"href":"https:\/\/osteoparis-bissuel.com\/index.php\/wp-json\/wp\/v2\/pages\/17\/revisions\/18"}],"wp:attachment":[{"href":"https:\/\/osteoparis-bissuel.com\/index.php\/wp-json\/wp\/v2\/media?parent=17"}],"curies":[{"name":"wp","href":"https:\/\/api.w.org\/{rel}","templated":true}]}}