{"id":14,"date":"2021-11-16T19:19:54","date_gmt":"2021-11-16T18:19:54","guid":{"rendered":"https:\/\/osteoparis-bissuel.com\/?page_id=14"},"modified":"2024-04-16T12:50:38","modified_gmt":"2024-04-16T10:50:38","slug":"enceinte","status":"publish","type":"page","link":"https:\/\/osteoparis-bissuel.com\/index.php\/enceinte\/","title":{"rendered":"Enceinte"},"content":{"rendered":"\n<figure class=\"wp-block-image size-full is-style-rounded\"><img loading=\"lazy\" decoding=\"async\" width=\"300\" height=\"224\" src=\"https:\/\/osteoparis-bissuel.com\/wp-content\/uploads\/2021\/11\/image.png\" alt=\"\" class=\"wp-image-64\"\/><\/figure>\n\n\n\n<h2 class=\"wp-block-heading\">Pendant 9 mois votre corps s\u2019adapte \u00e0 votre&nbsp;<strong>grossesse<\/strong>.<\/h2>\n\n\n\n<p>Le diam\u00e8tre de votre bassin augmente, votre diaphragme est comprim\u00e9 vers le haut et votre dos doit s\u2019adapter \u00e0 votre nouveau centre de gravit\u00e9.<\/p>\n\n\n\n<p>Toutes ces modifications morphologiques peuvent entrainer des douleurs&nbsp;:<\/p>\n\n\n\n<ul class=\"wp-block-list\"><li><strong>Sciatiques<\/strong><\/li><li><strong>Douleurs articulaires<\/strong>&nbsp;: lombalgies ou dorsalgies<\/li><li>Douleurs \u00e9pigastriques entrainant&nbsp;<strong>reflux<\/strong>&nbsp;ou sensation d\u2019oppression thoracique<\/li><\/ul>\n\n\n\n<p>Pour tous ces motifs, un traitement ost\u00e9opathique s\u2019av\u00e8re b\u00e9n\u00e9fique pour vivre confortablement votre grossesse.<\/p>\n\n\n\n<p>Puis, lorsque le terme approche, vous pouvez envisager une s\u00e9ance pour\u00a0<strong>pr\u00e9parer votre corps \u00e0 l\u2019accouchement<\/strong>\u00a0en travaillant sur le bassin.\u00a0Si votre bassin s\u2019articule bien, le passage de votre b\u00e9b\u00e9 sera plus facile.<\/p>\n\n\n\n<p>Cette s\u00e9ance s\u2019effectue aux alentours du 8\u00e8me mois de grossesse.<\/p>\n\n\n\n<h2 class=\"wp-block-heading\">Maman<\/h2>\n\n\n\n<p>Si vous venez d\u2019accoucher,&nbsp;un bilan ost\u00e9opathique quelques semaines apr\u00e8s l\u2019accouchement est recommand\u00e9. Vous pouvez tout \u00e0 fait consulter avant de commencer votre r\u00e9\u00e9ducation p\u00e9rin\u00e9ale, autour du premier mois.<\/p>\n\n\n\n<p>Un accouchement est source de v\u00e9ritables changements hormonaux et physiques. Votre corps peut en ressentir les effets.<\/p>\n\n\n\n<p>Plusieurs douleurs peuvent vous d\u00e9cider \u00e0 consulter&nbsp;:<\/p>\n\n\n\n<ul class=\"wp-block-list\"><li><strong>Douleurs articulaires<\/strong>&nbsp;au niveau du dos, du bassin, du coccyx, ou de la symphyse pubienne<\/li><li><strong>Maux de t\u00eate<\/strong>, &nbsp;li\u00e9s \u00e0 la p\u00e9ridurale ou aux changements hormonaux<\/li><li><strong>Troubles digestifs:<\/strong>&nbsp;constipation, reflux persistants, ballonnements<\/li><li><strong>Sensation de pesanteur pelvienne<\/strong><\/li><li><strong>D\u00e9chirure ou \u00e9pisiotomie<\/strong><\/li><li><strong>Troubles urinaires ou h\u00e9morro\u00efdes<\/strong><\/li><li>En cas de&nbsp;<strong>c\u00e9sarienne<\/strong>, &nbsp;des douleurs au niveau de la cicatrice; tiraillements ou brulures.<\/li><\/ul>\n\n\n\n<p>Si vous ne souffrez pas, la s\u00e9ance peut \u00e9galement \u00eatre un bilan afin de pr\u00e9venir d\u2019\u00e9ventuels inconforts ou pour s\u2019assurer que votre corps a bien r\u00e9cup\u00e9r\u00e9.<\/p>\n\n\n\n<p>Vous pouvez tout \u00e0 fait me contacter apr\u00e8s votre accouchement pour que l\u2019on d\u00e9cide ensemble du d\u00e9lai le plus favorable pour vous recevoir. Cela peut d\u00e9pendre de l\u2019accouchement.<\/p>\n\n\n\n<p>N\u2019h\u00e9sitez pas \u00e0 venir avec votre&nbsp;<a href=\"https:\/\/osteoparis-bissuel.com\/index.php\/un-nourrisson\/\">b\u00e9b\u00e9<\/a>, une double consultation peut \u00eatre organis\u00e9e.<\/p>\n","protected":false},"excerpt":{"rendered":"<p>Pendant 9 mois votre corps s\u2019adapte \u00e0 votre&nbsp;grossesse. Le diam\u00e8tre de votre bassin augmente, votre diaphragme est comprim\u00e9 vers le haut et votre dos doit s\u2019adapter \u00e0 votre nouveau centre [&hellip;]<\/p>\n","protected":false},"author":2,"featured_media":0,"parent":0,"menu_order":1,"comment_status":"closed","ping_status":"closed","template":"","meta":{"footnotes":""},"class_list":["post-14","page","type-page","status-publish","hentry"],"_links":{"self":[{"href":"https:\/\/osteoparis-bissuel.com\/index.php\/wp-json\/wp\/v2\/pages\/14","targetHints":{"allow":["GET"]}}],"collection":[{"href":"https:\/\/osteoparis-bissuel.com\/index.php\/wp-json\/wp\/v2\/pages"}],"about":[{"href":"https:\/\/osteoparis-bissuel.com\/index.php\/wp-json\/wp\/v2\/types\/page"}],"author":[{"embeddable":true,"href":"https:\/\/osteoparis-bissuel.com\/index.php\/wp-json\/wp\/v2\/users\/2"}],"replies":[{"embeddable":true,"href":"https:\/\/osteoparis-bissuel.com\/index.php\/wp-json\/wp\/v2\/comments?post=14"}],"version-history":[{"count":6,"href":"https:\/\/osteoparis-bissuel.com\/index.php\/wp-json\/wp\/v2\/pages\/14\/revisions"}],"predecessor-version":[{"id":125,"href":"https:\/\/osteoparis-bissuel.com\/index.php\/wp-json\/wp\/v2\/pages\/14\/revisions\/125"}],"wp:attachment":[{"href":"https:\/\/osteoparis-bissuel.com\/index.php\/wp-json\/wp\/v2\/media?parent=14"}],"curies":[{"name":"wp","href":"https:\/\/api.w.org\/{rel}","templated":true}]}}