{"id":12,"date":"2021-11-16T19:18:59","date_gmt":"2021-11-16T18:18:59","guid":{"rendered":"https:\/\/osteoparis-bissuel.com\/?page_id=12"},"modified":"2024-04-16T12:47:41","modified_gmt":"2024-04-16T10:47:41","slug":"osteopathie","status":"publish","type":"page","link":"https:\/\/osteoparis-bissuel.com\/index.php\/osteopathie\/","title":{"rendered":"Ost\u00e9opathie"},"content":{"rendered":"\n<h2 class=\"wp-block-heading\">Qu\u2019est ce que l\u2019ost\u00e9opathie ?<\/h2>\n\n\n\n<p>L\u2019ost\u00e9opathie est&nbsp;une th\u00e9rapie manuelle visant \u00e0 r\u00e9tablir l\u2019\u00e9quilibre du corps.<\/p>\n\n\n\n<p>Elle ne prend en charge que des troubles fonctionnels c\u2019est \u00e0 dire non pathologiques. Elle ne remplacera donc jamais votre m\u00e9decin, mais en cas de douleurs sans causes m\u00e9dicales, elle peut vous aider.<\/p>\n\n\n\n<p>Les grands principes de l\u2019ost\u00e9opathie sur lesquels se fonde toute consultation sont :<\/p>\n\n\n\n<ul class=\"wp-block-list\"><li><strong>La globalit\u00e9<\/strong>&nbsp;: Le praticien consid\u00e8re le patient dans son ensemble, afin de chercher une cause qui peut \u00eatre \u00e0 distance de sa douleur et de traiter en cons\u00e9quence\u2026<\/li><li><strong>L\u2019hom\u00e9ostasie<\/strong>&nbsp;: C\u2019est l\u2019autor\u00e9gulation du corps. L\u2019ost\u00e9opathe a ainsi pour r\u00f4le d\u2019aider le corps \u00e0 retrouver sa propre physiologie pour qu\u2019il fonctionne sans douleur. Il redonnedu mouvement, lib\u00e8re des tensions musculaires, redonne une vitalit\u00e9 dans la m\u00e9canique cr\u00e2nienne et visc\u00e9rale.<\/li><\/ul>\n\n\n\n<p>L\u2019ost\u00e9opathie s\u2019appuie sur des manipulations simples et sans douleurs gr\u00e2ce \u00e0 un large panel de techniques. Elle a de nombreuses indications chez un grand nombre de patients, vous trouverez celles ci dans la rubrique \u00ab&nbsp;vous \u00eates&nbsp;\u00bb de ce site.<\/p>\n\n\n\n<p>Le d\u00e9roulement de la consultation vous est expliqu\u00e9e dans la rubrique \u00ab&nbsp;Consultation&nbsp;\u00bb. Si d\u2019autres questions vous tracassent, n\u2019h\u00e9sitez pas \u00e0 me contacter.<\/p>\n\n\n\n<h2 class=\"wp-block-heading\">Mes comp\u00e9tences:<em>&nbsp;<\/em><\/h2>\n\n\n\n<p>Il y a plusieurs fa\u00e7ons de travailler sur le corps humain en ost\u00e9opathie.<\/p>\n\n\n\n<p>J\u2019ai appris de nombreuses manipulations qui permettent d\u2019avoir une approche adapt\u00e9e \u00e0 chaque patient&nbsp;:<\/p>\n\n\n\n<ul class=\"wp-block-list\"><li><strong>Techniques tissulaires<\/strong>\u00a0: nous en parlons pour \u00e9voquer les techniques les plus douces, qui travaillent sur les enveloppes du corps appel\u00e9es fascias.<\/li><li><strong>Techniques articulaires<\/strong>\u00a0: il s\u2019agit de redonner de la mobilit\u00e9 au corps gr\u00e2ce \u00e0 une travaille sur les articulations un peu \u00ab\u00a0rouill\u00e9es\u00a0\u00bb et sur les muscles.<\/li><li><strong>Techniques structurelles<\/strong>\u00a0: c\u2019est le craque redout\u00e9 ou appr\u00e9ci\u00e9 selon les patients. Ce bruit ne doit pas vous inqui\u00e9ter, il signifie simplement qu\u2019une bulle d\u2019air est sortie de l\u2019articulation. Ces techniques sont utiles pour mobiliser des structures\/articulations qui sont bloqu\u00e9es.<\/li><li><strong>Techniques visc\u00e9rales<\/strong>\u00a0: vos organes et visc\u00e8res sont comme les autres structures de votre corps\u00a0: ils r\u00e9agissent\u00a0! Il faut donc les travailler au m\u00eame titre que les articulations ou les muscles.<\/li><li><strong>Posturologie<\/strong>\u00a0: notre perception de l\u2019espace qui nous entoure est influenc\u00e9e par des capteurs internes du corps\u00a0: les yeux, les dents, les pieds\u2026 La douleur peut \u00eatre le signe qu\u2019un de ces capteurs nous fait d\u00e9faut. L\u2019ost\u00e9opathe a des tests permettant de v\u00e9rifier que vos capteurs et votre corps sont en synergies\/\u00a0\u00ab\u00a0en bons termes\u00a0\u00bb.<\/li><li><strong>Ost\u00e9opathie p\u00e9diatrique<\/strong>\u00a0: Les techniques utilis\u00e9es en p\u00e9diatrie sont toujours douces, aucune technique structurelle n\u2019est employ\u00e9e. Le but est de rel\u00e2cher les membranes du cr\u00e2ne ou les tensions visc\u00e9rales qui peuvent g\u00eaner votre enfant. Nous agissons donc principalement gr\u00e2ce aux fascias.<\/li><li><strong>Ost\u00e9opathie de la femme<\/strong>\u00a0: elle est indiqu\u00e9e lorsque le corps subit un bouleversement important avec la grossesse et l\u2019accouchement, l\u2019ost\u00e9opathe peut aider \u00e0 retrouver son \u00e9quilibre.<\/li><\/ul>\n","protected":false},"excerpt":{"rendered":"<p>Qu\u2019est ce que l\u2019ost\u00e9opathie ? L\u2019ost\u00e9opathie est&nbsp;une th\u00e9rapie manuelle visant \u00e0 r\u00e9tablir l\u2019\u00e9quilibre du corps. Elle ne prend en charge que des troubles fonctionnels c\u2019est \u00e0 dire non pathologiques. Elle [&hellip;]<\/p>\n","protected":false},"author":2,"featured_media":0,"parent":0,"menu_order":2,"comment_status":"closed","ping_status":"closed","template":"","meta":{"footnotes":""},"class_list":["post-12","page","type-page","status-publish","hentry"],"_links":{"self":[{"href":"https:\/\/osteoparis-bissuel.com\/index.php\/wp-json\/wp\/v2\/pages\/12","targetHints":{"allow":["GET"]}}],"collection":[{"href":"https:\/\/osteoparis-bissuel.com\/index.php\/wp-json\/wp\/v2\/pages"}],"about":[{"href":"https:\/\/osteoparis-bissuel.com\/index.php\/wp-json\/wp\/v2\/types\/page"}],"author":[{"embeddable":true,"href":"https:\/\/osteoparis-bissuel.com\/index.php\/wp-json\/wp\/v2\/users\/2"}],"replies":[{"embeddable":true,"href":"https:\/\/osteoparis-bissuel.com\/index.php\/wp-json\/wp\/v2\/comments?post=12"}],"version-history":[{"count":2,"href":"https:\/\/osteoparis-bissuel.com\/index.php\/wp-json\/wp\/v2\/pages\/12\/revisions"}],"predecessor-version":[{"id":122,"href":"https:\/\/osteoparis-bissuel.com\/index.php\/wp-json\/wp\/v2\/pages\/12\/revisions\/122"}],"wp:attachment":[{"href":"https:\/\/osteoparis-bissuel.com\/index.php\/wp-json\/wp\/v2\/media?parent=12"}],"curies":[{"name":"wp","href":"https:\/\/api.w.org\/{rel}","templated":true}]}}